{"id":3786,"date":"2023-06-07T06:27:56","date_gmt":"2023-06-07T04:27:56","guid":{"rendered":"https:\/\/riasc.es\/contact\/"},"modified":"2023-07-15T11:12:44","modified_gmt":"2023-07-15T09:12:44","slug":"contact","status":"publish","type":"page","link":"https:\/\/riasc.es\/en\/contact\/","title":{"rendered":"Contact"},"content":{"rendered":"\t\t<div data-elementor-type=\"wp-page\" data-elementor-id=\"3786\" class=\"elementor elementor-3786 elementor-974\">\n\t\t\t\t\t\t<section class=\"elementor-section elementor-top-section elementor-element elementor-element-0458fdb elementor-section-boxed elementor-section-height-default elementor-section-height-default\" data-id=\"0458fdb\" data-element_type=\"section\" data-e-type=\"section\">\n\t\t\t\t\t\t<div class=\"elementor-container elementor-column-gap-no\">\n\t\t\t\t\t<div class=\"elementor-column elementor-col-100 elementor-top-column elementor-element elementor-element-581e5d0\" data-id=\"581e5d0\" data-element_type=\"column\" data-e-type=\"column\">\n\t\t\t<div class=\"elementor-widget-wrap elementor-element-populated\">\n\t\t\t\t\t\t<div class=\"elementor-element elementor-element-d6081d4 elementor-widget elementor-widget-icon_box\" data-id=\"d6081d4\" data-element_type=\"widget\" data-e-type=\"widget\" data-widget_type=\"icon_box.default\">\n\t\t\t\t<div class=\"elementor-widget-container\">\n\t\t\t\t\t            <div class=\"tronix-icon-box-wrapper\">\n                <div class=\"container\">\n                    <div class=\"row\">\n                                                    <div class=\"col-xl-4 col-lg-4 col-md-6 \">\n                                <div class=\"tronix-icon-box\">\n                                                                            <div class=\"tronix-icon\">\n                                            <i aria-hidden=\"true\" class=\"ico ico-smartphone\"><\/i>                                        <\/div>\n                                                                        <div class=\"icon-box-content\">\n                                        <div class=\"icon-box-title-label\"> Phone <\/div>\n                                                                                    <h6 class=\"icon-box-title\">\n                                                                                                    98729100 5283                                                                                            <\/h6>\n                                        \n                                        \n                                    <\/div>\n                                <\/div>\n                            <\/div>\n                                                    <div class=\"col-xl-4 col-lg-4 col-md-6 \">\n                                <div class=\"tronix-icon-box\">\n                                                                            <div class=\"tronix-icon\">\n                                            <i aria-hidden=\"true\" class=\"flaticon flaticon-mail\"><\/i>                                        <\/div>\n                                                                        <div class=\"icon-box-content\">\n                                        <div class=\"icon-box-title-label\"> Mail <\/div>\n                                                                                    <h6 class=\"icon-box-title\">\n                                                                                                    hector.moreton@unileon.es                                                                                            <\/h6>\n                                        \n                                        \n                                    <\/div>\n                                <\/div>\n                            <\/div>\n                                                    <div class=\"col-xl-4 col-lg-4 col-md-6 \">\n                                <div class=\"tronix-icon-box\">\n                                                                            <div class=\"tronix-icon\">\n                                            <i aria-hidden=\"true\" class=\"ico ico-map-marker2\"><\/i>                                        <\/div>\n                                                                        <div class=\"icon-box-content\">\n                                        <div class=\"icon-box-title-label\"> Location <\/div>\n                                                                                    <h6 class=\"icon-box-title\">\n                                                                                                    M\u00f3dulo de investigaci\u00f3n cibern\u00e9tica, Campus de Vegazana, s\/n, Le\u00f3n , 24071, Espa\u00f1a.\n                                                                                            <\/h6>\n                                        \n                                        \n                                    <\/div>\n                                <\/div>\n                            <\/div>\n                                            <\/div>\n                <\/div>\n            <\/div>\n        \t\t\t\t<\/div>\n\t\t\t\t<\/div>\n\t\t\t\t\t<\/div>\n\t\t<\/div>\n\t\t\t\t\t<\/div>\n\t\t<\/section>\n\t\t\t\t<section class=\"elementor-section elementor-top-section elementor-element elementor-element-f95d9b5 elementor-section-boxed elementor-section-height-default elementor-section-height-default\" data-id=\"f95d9b5\" data-element_type=\"section\" data-e-type=\"section\" data-settings=\"{&quot;background_background&quot;:&quot;classic&quot;}\">\n\t\t\t\t\t\t<div class=\"elementor-container elementor-column-gap-no\">\n\t\t\t\t\t<div class=\"elementor-column elementor-col-100 elementor-top-column elementor-element elementor-element-b16a7f5\" data-id=\"b16a7f5\" data-element_type=\"column\" data-e-type=\"column\" data-settings=\"{&quot;background_background&quot;:&quot;classic&quot;}\">\n\t\t\t<div class=\"elementor-widget-wrap elementor-element-populated\">\n\t\t\t\t\t\t<section class=\"elementor-section elementor-inner-section elementor-element elementor-element-634e7b1 elementor-section-full_width elementor-section-height-default elementor-section-height-default\" data-id=\"634e7b1\" data-element_type=\"section\" data-e-type=\"section\" data-settings=\"{&quot;background_background&quot;:&quot;classic&quot;}\">\n\t\t\t\t\t\t\t<div class=\"elementor-background-overlay\"><\/div>\n\t\t\t\t\t\t\t<div class=\"elementor-container elementor-column-gap-no\">\n\t\t\t\t\t<div class=\"elementor-column elementor-col-100 elementor-inner-column elementor-element elementor-element-ca7d69e\" data-id=\"ca7d69e\" data-element_type=\"column\" data-e-type=\"column\" data-settings=\"{&quot;background_background&quot;:&quot;classic&quot;}\">\n\t\t\t<div class=\"elementor-widget-wrap elementor-element-populated\">\n\t\t\t\t\t\t<div class=\"elementor-element elementor-element-29d5858 elementor-widget elementor-widget-tronix_about\" data-id=\"29d5858\" data-element_type=\"widget\" data-e-type=\"widget\" data-widget_type=\"tronix_about.default\">\n\t\t\t\t<div class=\"elementor-widget-container\">\n\t\t\t\t\t        <div class=\"about-section-wraper\">\n            <div class=\"container\">\n                <div class=\"about_content \">\n                    <div class=\"about-item\">\n                                                 <h2 class=\"about-title\"> Location  <\/h2>                                                                     <\/div>\n                <\/div>\n            <\/div>\n        <\/div>\n        \t\t\t\t<\/div>\n\t\t\t\t<\/div>\n\t\t\t\t<div class=\"elementor-element elementor-element-f557726 elementor-widget elementor-widget-html\" data-id=\"f557726\" data-element_type=\"widget\" data-e-type=\"widget\" data-widget_type=\"html.default\">\n\t\t\t\t<div class=\"elementor-widget-container\">\n\t\t\t\t\t<iframe src=\"https:\/\/www.google.com\/maps\/embed?pb=!1m18!1m12!1m3!1d10463.72540550334!2d-5.567573834620757!3d42.612936241713996!2m3!1f0!2f0!3f0!3m2!1i1024!2i768!4f13.1!3m3!1m2!1s0xd379a7f1a99bd35%3A0x48ffe5e1b22fba50!2sRIASC!5e0!3m2!1ses!2ses!4v1688202608681!5m2!1ses!2ses\" width=\"1200\" height=\"550\" style=\"border:0;\" allowfullscreen=\"\" loading=\"lazy\" referrerpolicy=\"no-referrer-when-downgrade\"><\/iframe>\t\t\t\t<\/div>\n\t\t\t\t<\/div>\n\t\t\t\t\t<\/div>\n\t\t<\/div>\n\t\t\t\t\t<\/div>\n\t\t<\/section>\n\t\t\t\t\t<\/div>\n\t\t<\/div>\n\t\t\t\t\t<\/div>\n\t\t<\/section>\n\t\t\t\t<\/div>\n\t\t","protected":false},"excerpt":{"rendered":"<p>Phone 98729100 5283 Mail hector.moreton@unileon.es Location M\u00f3dulo de investigaci\u00f3n cibern\u00e9tica, Campus de Vegazana, s\/n, Le\u00f3n , 24071, Espa\u00f1a. Location<\/p>\n","protected":false},"author":1,"featured_media":0,"parent":0,"menu_order":0,"comment_status":"closed","ping_status":"closed","template":"blank-template.php","meta":{"_monsterinsights_skip_tracking":false,"_monsterinsights_sitenote_active":false,"_monsterinsights_sitenote_note":"","_monsterinsights_sitenote_category":0,"footnotes":""},"class_list":["post-3786","page","type-page","status-publish","hentry"],"aioseo_notices":[],"_links":{"self":[{"href":"https:\/\/riasc.es\/en\/wp-json\/wp\/v2\/pages\/3786","targetHints":{"allow":["GET"]}}],"collection":[{"href":"https:\/\/riasc.es\/en\/wp-json\/wp\/v2\/pages"}],"about":[{"href":"https:\/\/riasc.es\/en\/wp-json\/wp\/v2\/types\/page"}],"author":[{"embeddable":true,"href":"https:\/\/riasc.es\/en\/wp-json\/wp\/v2\/users\/1"}],"replies":[{"embeddable":true,"href":"https:\/\/riasc.es\/en\/wp-json\/wp\/v2\/comments?post=3786"}],"version-history":[{"count":6,"href":"https:\/\/riasc.es\/en\/wp-json\/wp\/v2\/pages\/3786\/revisions"}],"predecessor-version":[{"id":3927,"href":"https:\/\/riasc.es\/en\/wp-json\/wp\/v2\/pages\/3786\/revisions\/3927"}],"wp:attachment":[{"href":"https:\/\/riasc.es\/en\/wp-json\/wp\/v2\/media?parent=3786"}],"curies":[{"name":"wp","href":"https:\/\/api.w.org\/{rel}","templated":true}]}}