{"id":3791,"date":"2023-06-20T06:39:05","date_gmt":"2023-06-20T04:39:05","guid":{"rendered":"https:\/\/riasc.es\/groups\/"},"modified":"2023-09-13T10:01:43","modified_gmt":"2023-09-13T08:01:43","slug":"groups","status":"publish","type":"page","link":"https:\/\/riasc.es\/en\/groups\/","title":{"rendered":"Groups"},"content":{"rendered":"\t\t<div data-elementor-type=\"wp-page\" data-elementor-id=\"3791\" class=\"elementor elementor-3791 elementor-2063\">\n\t\t\t\t\t\t<section class=\"elementor-section elementor-top-section elementor-element elementor-element-db1dce9 elementor-section-boxed elementor-section-height-default elementor-section-height-default\" data-id=\"db1dce9\" data-element_type=\"section\" data-e-type=\"section\">\n\t\t\t\t\t\t<div class=\"elementor-container elementor-column-gap-no\">\n\t\t\t\t\t<div class=\"elementor-column elementor-col-100 elementor-top-column elementor-element elementor-element-c8bca6c\" data-id=\"c8bca6c\" data-element_type=\"column\" data-e-type=\"column\">\n\t\t\t<div class=\"elementor-widget-wrap elementor-element-populated\">\n\t\t\t\t\t\t<div class=\"elementor-element elementor-element-02d3338 elementor-widget elementor-widget-tronix_title\" data-id=\"02d3338\" data-element_type=\"widget\" data-e-type=\"widget\" data-widget_type=\"tronix_title.default\">\n\t\t\t\t<div class=\"elementor-widget-container\">\n\t\t\t\t\t        <div class=\"tronix-section-title-wrapper\">\n           <div class=\"container\">\n           <div class=\"tronix-section-title-content\">\n                                    <span class=\"tronix-section-small-title\">\n                        GRUPOS                <\/span>\n                                                    <h2 class=\"tronix-section-title\">\n                        de investigaci\u00f3n                    <\/h2>\n                                           <\/div>\n        <\/div>\n           <\/div>\n        \t\t\t\t<\/div>\n\t\t\t\t<\/div>\n\t\t\t\t\t<\/div>\n\t\t<\/div>\n\t\t\t\t\t<\/div>\n\t\t<\/section>\n\t\t\t\t<section class=\"elementor-section elementor-top-section elementor-element elementor-element-adf99a7 elementor-section-boxed elementor-section-height-default elementor-section-height-default\" data-id=\"adf99a7\" data-element_type=\"section\" data-e-type=\"section\">\n\t\t\t\t\t\t<div class=\"elementor-container elementor-column-gap-no\">\n\t\t\t\t\t<div class=\"elementor-column elementor-col-100 elementor-top-column elementor-element elementor-element-b6cf1d5\" data-id=\"b6cf1d5\" data-element_type=\"column\" data-e-type=\"column\">\n\t\t\t<div class=\"elementor-widget-wrap elementor-element-populated\">\n\t\t\t\t\t\t<div class=\"elementor-element elementor-element-b06defa elementor-widget elementor-widget-tronix_services_one\" data-id=\"b06defa\" data-element_type=\"widget\" data-e-type=\"widget\" data-widget_type=\"tronix_services_one.default\">\n\t\t\t\t<div class=\"elementor-widget-container\">\n\t\t\t\t\t        <div class=\"service-section-wrapper\">\r\n            <div class=\"container\">\r\n                <div class=\"row\">\r\n                                            <div class=\"col-xl-4 col-lg-6 col-md-6 \">\r\n                            <div class=\"service-box \">\r\n                                <div class=\"service-one-icon \">\r\n                                    <svg xmlns=\"http:\/\/www.w3.org\/2000\/svg\" xmlns:xlink=\"http:\/\/www.w3.org\/1999\/xlink\" id=\"Capa_1\" x=\"0px\" y=\"0px\" viewBox=\"0 0 523.4 683.8\" style=\"enable-background:new 0 0 523.4 683.8;\" xml:space=\"preserve\"><style type=\"text\/css\">\t.st0{fill:#E23338;}<\/style><g>\t<path class=\"st0\" d=\"M100.9,279c4.7,1.2,5.7,3.7,6.2,7.8c4.2,37.5,30,60.6,66.8,62.9c26.3,1.7,52.8,1,79.3,1c32,0,64,0.6,96-0.7  c37.7-1.6,62.5-25.6,67.3-63.1c0.5-4.1,2-5.9,6.2-7.1c15.8-4.3,28.7-13.3,37.2-27.3c24.2-39.5,4.4-86.5-40.6-97.8  c-2.4-0.6-4.9-3.2-6.2-5.6c-3.2-5.5-5.1-11.9-8.6-17.2c-12.8-19.6-31.9-28.7-54.5-29.7c-22.8-1.1-45.8-0.5-68.6-0.7  c-2.4,0-4.7,0-7.8,0c0-7.2,0.3-13.7-0.1-20c-0.2-4.2,1.2-6.1,5.1-7.9c18.7-8.7,26.6-30.6,18.6-49.5c-5.2-12.1-19.9-26.5-43-22.6  c-17.3,3.8-29.8,18-30.5,34.2c-1.6,17.9,6.8,31.1,23.3,38.9c1.4,0.7,2.9,2.8,3,4.4c0.3,7,0.1,14.1,0.1,21.8c-3.4,0-6,0-8.6,0  c-23.1,0.3-46.3-0.7-69.3,1.2c-29.9,2.5-51.4,17.7-62,46.8c-0.8,2.2-3.9,4.6-6.3,5.2c-28.6,6.9-49.7,32.3-50.4,61.2  C52.8,245.1,72,271.3,100.9,279z M417.7,179.1c15.6,2.4,29,19.6,29.4,37.5c0.4,18.6-12.7,36.5-29.4,39.6  C417.7,230.4,417.7,204.8,417.7,179.1z M246.7,39.9c-0.1-8.3,6.7-15.3,15-15.4c8.2-0.1,15.3,6.8,15.3,15.1  c0.1,8.2-6.8,15.3-15,15.4C253.8,55.1,246.8,48.2,246.7,39.9z M129.9,169.8c0.6-24.3,17.1-40.9,41.1-44c5.7-0.7,11.5-1.1,17.3-1.2  c24.9-0.1,49.8-0.1,74.6-0.1c24.9,0,49.8-0.1,74.6,0.1c6.4,0,12.9,0.4,19.2,1.7c21.3,4.4,34.1,18.9,36.9,40.9  c0.2,1.8,0.5,3.5,0.5,5.3c0,35.3,0.9,70.6-0.2,105.9c-0.9,29.3-17.1,44.9-46.2,47.7c-3.8,0.4-7.5,0.5-11.3,0.5  c-49.8,0-99.5,0.1-149.3-0.1c-6.8,0-13.8-0.6-20.5-2.1c-22.2-4.9-36.2-20.3-36.7-43C129.1,244.5,129,207.1,129.9,169.8z   M105.6,179.5c0,26.2,0,51.8,0,77.5c-16.2-3.5-28.9-19.6-29.2-36.9C76,200.7,87.9,183.9,105.6,179.5z\"><\/path>\t<path class=\"st0\" d=\"M519.2,547.4c-0.1-21.1-9.9-35.8-29.3-44.1c-1.6-0.7-3.8-2.8-3.8-4.3c-0.2-27.7-0.2-55.5-0.2-83.3  c2.3-0.9,4.2-1.4,6-2.3c16.2-7.5,26-19.9,27.2-38c1.6-22.5-13.6-42.2-35.3-46.7c-22-4.6-43.7,7.7-51.6,29.1c-0.7,2-2.5,4.8-4.2,5.1  c-12.2,2.2-24.5,5.3-36.7,5.4c-82.2,0.5-164.4,0.1-246.6,0.4c-15.9,0.1-31.4-1.7-46.8-5c-3.8-0.8-5.6-2.4-6.8-5.9  c-6.6-19.4-25.8-32.2-45.2-30.3c-21.2,2-38.2,17.3-41.4,37.3c-3.4,21.2,7.9,41.2,28,49.2c3.6,1.4,5.1,3.1,5,7.1  c-0.2,25.3-0.2,50.7,0,76c0,4.1-1.4,5.7-5.1,7.1c-14.4,5.7-24.1,16.2-26.9,31.4C4,545,4.4,554.9,4.3,564.6  c-0.1,7.7,5,12.9,11.6,12.7c6.6-0.1,11.1-5.2,11.3-13.1c0.1-5.8-0.1-11.6,0.1-17.3c0.2-13.7,9.6-23.6,22-23.5  c12.2,0.1,21.3,9.9,21.6,23.2c0.1,5.8-0.1,11.6,0.1,17.3c0.2,8.2,4.9,13.5,11.7,13.4c6.6-0.1,11.1-5.2,11.3-13.1  c0.1-5.1,0-10.2,0-15.3c0.3-21.9-9.3-37.3-29.8-45.8c-1.6-0.6-3.4-3-3.4-4.6c-0.2-27.5-0.1-55.1-0.1-82.8  c15.4-4.8,25.7-14.9,31.3-29.8c6.5,1.3,12.5,2.5,19.2,3.9c0,3.2,0,5.7,0,8.1c0,44.2-0.1,88.4,0,132.6c0.2,37.2,11.5,70.6,35.4,99.5  c39,47.3,109.2,65.9,166.3,43.9c61.8-23.9,99.6-78.9,99.6-145.2c0-43.8,0-87.5,0-131.3c0-2.4,0-4.8,0-7.6  c6.6-1.3,12.9-2.5,19.3-3.8c5.6,15.2,16,24.9,31.2,29.8c0,27.8,0.1,55.6-0.2,83.3c0,1.5-2.6,3.7-4.5,4.5  c-15,6.4-24.9,17.4-27.7,33.4c-1.6,9.1-1,18.6-0.9,27.9c0,7.4,4.7,12.3,11.1,12.6c6.6,0.2,11.6-4.9,11.8-12.6c0.2-6,0-12,0.1-18  c0.3-13.4,9.3-23.1,21.5-23.3c12.3-0.2,21.9,9.7,22.2,23.4c0.1,6.2-0.1,12.4,0.1,18.7c0.3,6.9,4.9,11.7,11.1,11.8  c6.4,0.2,11.4-4.8,11.7-12C519.4,559.4,519.3,553.4,519.2,547.4z M48.9,393.9c-11.9-0.1-21.6-9.8-21.6-21.6  c0-11.8,9.7-21.6,21.6-21.6c12.1-0.1,22.2,10,21.9,22C70.6,384.6,60.8,394,48.9,393.9z M155.2,601.5c71.1,0,141.8,0,213.2,0  C319.8,678.4,205.4,679.9,155.2,601.5z M389.1,527.9c-0.3,15.1-4.3,30.1-6.7,45.2c-0.6,3.7-2.5,4.9-6.4,4.9  c-76.2-0.1-152.4-0.1-228.6,0c-3.9,0-5.8-1.4-6.4-4.9c-2.3-13.7-6.3-27.4-6.6-41.2c-0.8-45.1-0.3-90.2-0.3-135.3  c0-1.3,0.2-2.6,0.4-4.4c84.7,0,169.2,0,254.9,0c0,3,0,5.4,0,7.8C389.4,442.6,390,485.2,389.1,527.9z M452.6,371.9  c0-11.6,10-21.6,21.6-21.7c11.9-0.1,22,10.1,22,22.1c0,11.6-9.7,21.7-20.8,21.7C462.8,393.8,452.6,383.9,452.6,371.9z\"><\/path>\t<path class=\"st0\" d=\"M195.7,245.5c25.3-0.1,46.2-21.1,46.1-46.4c0-25.4-21.1-46.4-46.3-46.3c-25.3,0.1-46.1,21-46.1,46.4  C149.5,224.6,170.4,245.6,195.7,245.5z M196,176.2c12.4,0,22.8,10.5,22.8,23c0,12.5-10.3,22.8-22.9,22.9c-13,0.1-23.4-10.1-23.4-23  C172.5,186.4,182.9,176.2,196,176.2z\"><\/path>\t<path class=\"st0\" d=\"M328,245.5c25.2,0.2,46.2-20.8,46.3-46.2c0.1-25.3-20.7-46.3-46-46.5c-25.1-0.1-46.3,20.9-46.4,46.2  C281.7,224.2,302.7,245.3,328,245.5z M328.4,176.2c12.5-0.1,22.7,10.2,22.7,22.9c0,12.9-10.3,23.1-23.3,23  c-12.6-0.1-22.9-10.4-22.9-22.9C305,186.4,315.3,176.3,328.4,176.2z\"><\/path>\t<path class=\"st0\" d=\"M200.5,276.9c-2.9,0-5.8,0.2-8.5,1c-4.9,1.5-7.6,5.2-7.7,10.4c-0.1,5.2,2.4,9,7.3,10.7  c2.6,0.9,5.7,1.1,8.5,1.1c41.3,0.1,82.5,0.1,123.8,0c2.8,0,5.9-0.2,8.5-1.2c4.8-1.8,8.1-5.9,6.8-10.8c-1-3.8-4-7.5-7.2-10  c-2.1-1.6-5.9-1.2-9-1.3c-20.4-0.1-40.8,0-61.2,0C241.3,276.8,220.9,276.8,200.5,276.9z\"><\/path>\t<path class=\"st0\" d=\"M290.7,470.5c-9.5,0.1-18.9,0-29.9,0c2.5-2.8,3.9-4.4,5.4-5.9c11.4-11.8,22.9-23.6,34.3-35.4  c6.3-6.5,6.8-12.9,1.6-18.1c-5-4.9-11.9-4.2-18.1,2.1c-19.1,19.6-38.1,39.2-57.2,58.7c-4.2,4.3-6.8,9-4.1,14.9  c2.5,5.6,7.5,7,13.3,7c10.4-0.1,20.8,0,32.8,0c-10.2,11.4-19.3,21.4-28.3,31.5c-5.3,6-10.9,11.8-15.8,18  c-4.2,5.3-3.4,11.5,1.2,15.6c4.5,4.1,10.6,3.9,15.7-0.5c1.2-1,2.2-2.2,3.2-3.4c18.6-20.6,37.2-41.3,55.8-61.8  c4.3-4.7,7.7-9.5,4.8-16C302.6,471,296.7,470.5,290.7,470.5z\"><\/path><\/g><\/svg>                                <\/div>\r\n                                <div class=\"service-one-content\">\r\n                                    <h5 class=\"service-one-title\"> \r\n                                                                                <a href=\"https:\/\/robotica.unileon.es\/index.php?title=Home\"  target=\"_blank\" rel=\"nofollow\">                                        ROB\u00d3TICA                                        <\/a>                                    <\/h5>\r\n                                    <div class=\"services-one-des\">\r\n                                        Lorem ipsum dolor sit amet, consectetuer adipiscing elit.                                     <\/div>    \r\n                                <\/div>\r\n                                                                    <div class=\"service-one-btn\">\r\n                                        <a href=\"https:\/\/robotica.unileon.es\/index.php?title=Home\" class=\"service-btns\"> \r\n                                            <i aria-hidden=\"true\" class=\"bi bi-arrow-right-short\"><\/i>                                        <\/a>\r\n                                    <\/div>\r\n                                                            <\/div>                     \r\n                        <\/div>\r\n                                                <div class=\"col-xl-4 col-lg-6 col-md-6 \">\r\n                            <div class=\"service-box \">\r\n                                <div class=\"service-one-icon \">\r\n                                    <svg xmlns=\"http:\/\/www.w3.org\/2000\/svg\" xmlns:xlink=\"http:\/\/www.w3.org\/1999\/xlink\" id=\"Capa_1\" x=\"0px\" y=\"0px\" viewBox=\"0 0 499.3 683.8\" style=\"enable-background:new 0 0 499.3 683.8;\" xml:space=\"preserve\"><style type=\"text\/css\">\t.st0{fill:#E23338;}<\/style><g>\t<path class=\"st0\" d=\"M498.8,230.9c0.1-11.5-1.8-14.2-12.4-18.6c-36.1-15-72.2-30.1-108.4-44.9c-4.8-2-6-4.4-6-9.3  c0.2-28.9,0.2-57.8,0.1-86.8c-0.1-21.6-8.3-39.7-24.5-54.2C337,7.8,324.1,3.3,310.7,0C227.5,0,144.3,0,61.1,0  c-8.4,3.1-17.5,5.2-25.2,9.6C11.2,23.9,0,46.2,0,74.5C0,151.7,0,228.8,0,306C0,407,0,508,0,609c0,34.3,18.4,60.7,49.1,71  c3.9,1.3,8,2.4,12,3.5c83.2,0,166.4,0,249.6,0c0.6-0.3,1.1-0.9,1.7-1c38.1-8.1,59.7-34.8,59.7-73.8c0-37.8,0.1-75.6-0.1-113.4  c0-5,1.3-7.6,6.1-10.1c71.5-37.8,112.1-96.9,119.6-177.5C499.9,282.2,498.5,256.5,498.8,230.9z M72.9,26.7  c74.3-0.1,148.5,0.6,222.8-0.4c28.8-0.4,53.7,20.1,49.2,54.7c-105.7,0-211.4,0-317.5,0C22.8,50.5,42.8,26.7,72.9,26.7z M344,621.7  c-2.9,20.2-21,34.8-41.4,34.9c-77.6,0.2-155.3,0.2-232.9,0c-21.7-0.1-39.7-16.4-42.2-38c-1.2-11-0.6-22.2-0.8-33.3  c0-1.5,0.3-3,0.4-4.9c106.1,0,211.8,0,317.2,0C344.3,594.4,345.9,608.3,344,621.7z M345.4,547.4c0,1.7-0.2,3.5-0.4,5.3  c-106.1,0-211.8,0-317.9,0c0-148.2,0-296,0-444.1c106.1,0,211.8,0,318.3,0c0,17.9,0.1,35.7-0.2,53.4c0,1.7-3.1,3.9-5.2,4.8  C303.7,182,267.3,197,231,212.1c-11.7,4.9-12.4,6-12.4,18.8c0,20.2-0.4,40.5,0.1,60.7c1.9,88.3,43.4,152.3,120.6,193.8  c4.6,2.5,6.4,4.8,6.3,10C345.2,512.7,345.4,530.1,345.4,547.4z M453.3,374.5c-19.7,39.9-49.7,69.5-89.7,89  c-3.8,1.9-6.8,1.8-10.5-0.1c-68.5-35.5-105.1-91.7-108.9-168.8c-0.9-18.2,0-36.5-0.3-54.7c-0.1-4.1,1.5-5.8,5-7.3  c35.2-14.4,70.2-29.1,105.4-43.5c2.3-1,5.8-1,8.1,0c35.2,14.4,70.2,29.1,105.4,43.5c3.7,1.5,5,3.5,4.9,7.4  c-0.2,11.1-0.1,22.2-0.1,38.2C474.4,308.7,469,342.6,453.3,374.5z\"><\/path>\t<path class=\"st0\" d=\"M405.6,275.3c-3,0.9-5.8,3.3-8.1,5.6c-17.7,17.5-35.2,35.2-53.6,53.6c-8.8-8.9-17-17.3-25.3-25.6  c-6.9-6.8-14.2-7.4-19.9-1.7c-5.7,5.6-5.2,13.2,1.5,19.9c11,11.1,22,22.1,33,33c7.6,7.5,14.2,7.5,21.9-0.1  c13.4-13.3,26.7-26.7,40.1-40.1c7.7-7.7,15.5-15.3,23.1-23.2c4.5-4.7,5.2-10.3,1.8-15.9C416.7,275.4,411.4,273.5,405.6,275.3z\"><\/path>\t<path class=\"st0\" d=\"M229.1,605c-28.6-0.1-57.3-0.1-85.9,0c-9,0-15.1,5.7-15,13.5c0.1,7.8,6.1,13.1,15.3,13.1  c14.2,0.1,28.4,0,42.6,0c14.4,0,28.9,0.1,43.3,0c8.9-0.1,14.5-5.2,14.6-13C244.1,610.7,238.1,605,229.1,605z\"><\/path><\/g><\/svg>                                <\/div>\r\n                                <div class=\"service-one-content\">\r\n                                    <h5 class=\"service-one-title\"> \r\n                                                                                <a href=\"https:\/\/www.unileon.es\/grupos-investigacion\/detalles-grupo.php?id=3&#038;grp=408\"  target=\"_blank\" rel=\"nofollow\">                                        CAF\u00c9                                        <\/a>                                    <\/h5>\r\n                                    <div class=\"services-one-des\">\r\n                                        Ciberseguridad, Aplicaciones, Fundamentos y Educaci\u00f3n                                    <\/div>    \r\n                                <\/div>\r\n                                                                    <div class=\"service-one-btn\">\r\n                                        <a href=\"https:\/\/www.unileon.es\/grupos-investigacion\/detalles-grupo.php?id=3&#038;grp=408\" class=\"service-btns\"> \r\n                                            <i aria-hidden=\"true\" class=\"bi bi-arrow-right-short\"><\/i>                                        <\/a>\r\n                                    <\/div>\r\n                                                            <\/div>                     \r\n                        <\/div>\r\n                                                <div class=\"col-xl-4 col-lg-6 col-md-6 \">\r\n                            <div class=\"service-box \">\r\n                                <div class=\"service-one-icon \">\r\n                                    <svg xmlns=\"http:\/\/www.w3.org\/2000\/svg\" xmlns:xlink=\"http:\/\/www.w3.org\/1999\/xlink\" id=\"Capa_1\" x=\"0px\" y=\"0px\" viewBox=\"0 0 615.2 684.2\" style=\"enable-background:new 0 0 615.2 684.2;\" xml:space=\"preserve\"><style type=\"text\/css\">\t.st0{fill:#E23338;}<\/style><g>\t<path class=\"st0\" d=\"M302.2,684C205.6,662.2,93.4,566.3,45.6,470.4C22.4,424,6.2,375.3,3,323.4c-2.7-42.4-2.2-85-2.8-127.5  c-0.3-20.3-0.1-40.5,0-60.8c0-11.3,2.8-15,13.8-18c73.2-19.5,144.3-44.8,212.7-77.6c23.9-11.4,47.2-23.8,70.6-36.3  c7.3-3.9,13.3-4,20.6,0c80.3,44.3,164.5,79.3,252.5,105.2c10.9,3.2,21.9,6,32.8,9.1c8.2,2.4,11.8,6.7,11.8,14.9  c-0.4,59.9,1.6,119.9-1.9,179.6c-5.8,100-46.3,185.9-115.9,257.9c-39.2,40.6-84,73.6-135.4,97.1c-15.6,7.1-32.6,11.3-48.9,16.9  C309.3,684,305.7,684,302.2,684z M26.8,141.8c0,1.5,0,2.9,0,4.2c0,44.5-0.1,89.1,0.1,133.6c0.2,49,8.4,96.5,26.3,142.2  c21.4,54.6,53.8,101.7,96.2,142c39.4,37.5,83.7,67.4,134.6,87.5c16,6.3,31.1,6.4,47.1,0c60.6-24,112-61.1,155.6-109  c68.6-75.5,101.7-164.9,101.6-266.7c0-41.9-0.2-83.7,0.2-125.6c0.1-6.9-2-9.5-8.4-11.2c-92.4-25.3-180.6-61-264.8-106.6  c-5.5-3-9.7-3.1-15.2,0c-66.7,36.5-136.2,66.5-208.5,89.9C70.3,129,48.9,135.1,26.8,141.8z\"><\/path>\t<path class=\"st0\" d=\"M569.7,233.3c-1.8,33.1-2.1,66.4-5.8,99.2c-6.6,58.1-28,111.1-61.9,158.7c-44.7,62.7-102.7,109.2-173.6,139.8  c-14.5,6.3-27.8,6.3-42.2-0.2c-93.8-41.7-164.7-107-207.9-200.8c-17.9-38.8-28.4-79.8-29.9-122.4c-1.6-46.5-1.2-93.1-1.4-139.6  c-0.1-8.3,3.5-11.9,12.5-15c38.9-13.4,78.4-25.3,116.4-40.7C216.6,95.7,256,76,295.8,57.1c8.2-3.9,14.9-4.5,23.1-0.1  c74.9,39.6,153.1,71.3,234.5,95.3c12.5,3.7,14.8,6.9,14.8,20.1c0,20.3,0,40.5,0,60.8C568.7,233.2,569.2,233.3,569.7,233.3z   M541.7,177.2c-1.5-0.6-2.1-0.9-2.7-1.1c-78.7-23.9-154.7-54.7-227.8-92.4c-2.2-1.1-6.1-0.8-8.4,0.4c-71.9,37.1-146.5,67.7-224,91  c-4.2,1.2-5.3,3.2-5.3,7.5c0.2,32.5,0,65,0.1,97.6c0.1,36.5,4.7,72.5,16.6,107.1C125.7,490.5,197,560.6,295,605.6  c8.6,3.9,16.2,3.9,24.8,0.1c53.5-23.1,99-57,137.4-100.5c43.9-49.9,71.2-107.7,80.4-173.7C544.8,280.3,539.8,228.8,541.7,177.2z\"><\/path>\t<path class=\"st0\" d=\"M232.7,417.3c-7.4-0.6-14.1-0.6-20.6-1.7c-24.9-4.5-43.2-25.8-43.4-51.2c-0.3-36.3-0.3-72.6,0-108.9  c0.3-29.2,23.6-52.4,53-52.6c57.2-0.2,114.5-0.2,171.7,0c26.2,0.1,47.6,18.9,51.8,45.1c0.9,5.9,1.4,11.9,1.4,17.9  c0.1,31.4,0.1,62.8,0.1,94.2c0,33.9-22.7,56.5-56.5,56.6c-23.8,0-47.7,0.1-71.5-0.1c-4.6,0-7.8,1.2-11.1,4.5  c-17.8,18.1-35.8,36-53.7,54c-3.9,3.9-7.9,7.4-14,5c-6.3-2.5-7.1-7.7-7.1-13.7C232.8,450.1,232.7,433.9,232.7,417.3z M254,444  c2.7-2.5,4.3-3.9,5.8-5.4c12.4-12.4,24.9-24.8,37.2-37.4c4-4.1,8.4-6,14.2-5.9c27.2,0.2,54.3,0.2,81.5,0  c18.3-0.1,32.3-13.8,32.4-32.1c0.2-35.6,0.2-71.2,0-106.8c-0.1-17.9-13.9-32-31.7-32c-57.2-0.2-114.4-0.2-171.6,0  c-17.8,0.1-31.6,14.1-31.7,32c-0.2,35.6-0.2,71.2,0,106.8c0.1,18.2,14,31.8,32.4,32.1c6.2,0.1,12.5,0,18.7,0c9.2,0.1,13,3.8,13,13  C254.1,419.7,254,431,254,444z\"><\/path>\t<path class=\"st0\" d=\"M334.8,256.3c18.5,0,37,0,55.5,0c8.5,0,13.3,3.9,13.4,10.6c0.1,6.7-4.8,10.8-13.2,10.8c-37.4,0-74.8,0-112.3,0  c-8.5,0-13.3-3.9-13.4-10.6c-0.1-6.7,4.8-10.7,13.2-10.8C296.9,256.3,315.9,256.3,334.8,256.3z\"><\/path>\t<path class=\"st0\" d=\"M334,320.5c-19.2,0-38.3,0.3-57.5-0.3c-3.7-0.1-8.5-3.2-10.4-6.4c-1.5-2.5-0.4-8,1.5-10.8  c1.6-2.3,6.1-3.8,9.3-3.8c38.1-0.3,76.2-0.2,114.3-0.1c7.7,0,12.6,4.4,12.4,10.9c-0.1,6.3-4.8,10.4-12.2,10.4  C372.3,320.5,353.2,320.5,334,320.5z\"><\/path>\t<path class=\"st0\" d=\"M334.2,363.2c-18.7,0-37.4,0-56.1,0c-8.4,0-13.3-4-13.3-10.7c0-6.7,4.9-10.7,13.3-10.7c37.4,0,74.8,0,112.3,0  c8.4,0,13.3,4,13.3,10.7c0,6.7-4.9,10.7-13.3,10.7C371.7,363.3,353,363.2,334.2,363.2z\"><\/path>\t<path class=\"st0\" d=\"M226.9,277.6c-2,0-4.1,0.3-6-0.1c-5.8-0.9-9.2-4.4-9.5-10.3c-0.3-5.5,3.9-10.2,9.7-10.8  c3.5-0.3,7.1-0.2,10.7-0.1c6.9,0.2,11.4,4.4,11.6,10.4c0.2,6.3-4.5,10.6-11.7,10.9C230,277.7,228.4,277.7,226.9,277.6  C226.9,277.7,226.9,277.6,226.9,277.6z\"><\/path>\t<path class=\"st0\" d=\"M226.9,320.3c-2.2,0-4.5,0.4-6.7-0.1c-5.4-1.1-8.7-4.6-8.8-10.2c-0.1-5.9,3.3-9.8,9-10.6  c4.1-0.6,8.5-0.4,12.7-0.2c6,0.4,10.1,4.8,10.2,10.4c0.1,5.8-4.2,10.3-10.4,10.8c-2,0.2-4,0-6,0  C226.9,320.4,226.9,320.3,226.9,320.3z\"><\/path>\t<path class=\"st0\" d=\"M226.9,363.1c-2,0-4.1,0.3-6-0.1c-5.8-0.9-9.2-4.4-9.5-10.3c-0.3-5.5,3.9-10.2,9.7-10.8  c3.5-0.3,7.1-0.2,10.7-0.1c6.9,0.2,11.4,4.4,11.6,10.4c0.2,6.3-4.5,10.7-11.7,10.9C230,363.3,228.5,363.2,226.9,363.1  C226.9,363.2,226.9,363.2,226.9,363.1z\"><\/path><\/g><\/svg>                                <\/div>\r\n                                <div class=\"service-one-content\">\r\n                                    <h5 class=\"service-one-title\"> \r\n                                                                                <a href=\"https:\/\/secomuci.com\/\"  target=\"_blank\" rel=\"nofollow\">                                        SECOMUCI                                        <\/a>                                    <\/h5>\r\n                                    <div class=\"services-one-des\">\r\n                                        Seguridad y Conocimiento en el Mundo Cibern\u00e9tico                                    <\/div>    \r\n                                <\/div>\r\n                                                                    <div class=\"service-one-btn\">\r\n                                        <a href=\"https:\/\/secomuci.com\" class=\"service-btns\"> \r\n                                            <i aria-hidden=\"true\" class=\"bi bi-arrow-right-short\"><\/i>                                        <\/a>\r\n                                    <\/div>\r\n                                                            <\/div>                     \r\n                        <\/div>\r\n                                                            <!-- Style Two  -->\r\n                <\/div>\r\n            <\/div>\r\n        <\/div>\r\n        \t\t\t\t<\/div>\n\t\t\t\t<\/div>\n\t\t\t\t\t<\/div>\n\t\t<\/div>\n\t\t\t\t\t<\/div>\n\t\t<\/section>\n\t\t\t\t<\/div>\n\t\t","protected":false},"excerpt":{"rendered":"<p>GRUPOS de investigaci\u00f3n ROB\u00d3TICA Lorem ipsum dolor sit amet, consectetuer adipiscing elit. CAF\u00c9 Ciberseguridad, Aplicaciones, Fundamentos y Educaci\u00f3n SECOMUCI Seguridad y Conocimiento en el Mundo Cibern\u00e9tico<\/p>\n","protected":false},"author":1,"featured_media":0,"parent":0,"menu_order":0,"comment_status":"closed","ping_status":"closed","template":"blank-template.php","meta":{"_monsterinsights_skip_tracking":false,"_monsterinsights_sitenote_active":false,"_monsterinsights_sitenote_note":"","_monsterinsights_sitenote_category":0,"footnotes":""},"class_list":["post-3791","page","type-page","status-publish","hentry"],"aioseo_notices":[],"_links":{"self":[{"href":"https:\/\/riasc.es\/en\/wp-json\/wp\/v2\/pages\/3791","targetHints":{"allow":["GET"]}}],"collection":[{"href":"https:\/\/riasc.es\/en\/wp-json\/wp\/v2\/pages"}],"about":[{"href":"https:\/\/riasc.es\/en\/wp-json\/wp\/v2\/types\/page"}],"author":[{"embeddable":true,"href":"https:\/\/riasc.es\/en\/wp-json\/wp\/v2\/users\/1"}],"replies":[{"embeddable":true,"href":"https:\/\/riasc.es\/en\/wp-json\/wp\/v2\/comments?post=3791"}],"version-history":[{"count":4,"href":"https:\/\/riasc.es\/en\/wp-json\/wp\/v2\/pages\/3791\/revisions"}],"predecessor-version":[{"id":3947,"href":"https:\/\/riasc.es\/en\/wp-json\/wp\/v2\/pages\/3791\/revisions\/3947"}],"wp:attachment":[{"href":"https:\/\/riasc.es\/en\/wp-json\/wp\/v2\/media?parent=3791"}],"curies":[{"name":"wp","href":"https:\/\/api.w.org\/{rel}","templated":true}]}}