{"id":3991,"date":"2023-09-13T10:26:34","date_gmt":"2023-09-13T08:26:34","guid":{"rendered":"https:\/\/riasc.es\/?page_id=3991"},"modified":"2023-09-13T10:27:22","modified_gmt":"2023-09-13T08:27:22","slug":"groups-3","status":"publish","type":"page","link":"https:\/\/riasc.es\/en\/groups\/groups-3\/","title":{"rendered":"Groups"},"content":{"rendered":"\t\t<div data-elementor-type=\"wp-page\" data-elementor-id=\"3991\" class=\"elementor elementor-3991 elementor-3990\">\n\t\t\t\t\t\t<section class=\"elementor-section elementor-top-section elementor-element elementor-element-db1dce9 elementor-section-boxed elementor-section-height-default elementor-section-height-default\" data-id=\"db1dce9\" data-element_type=\"section\" data-e-type=\"section\">\n\t\t\t\t\t\t<div class=\"elementor-container elementor-column-gap-no\">\n\t\t\t\t\t<div class=\"elementor-column elementor-col-100 elementor-top-column elementor-element elementor-element-c8bca6c\" data-id=\"c8bca6c\" data-element_type=\"column\" data-e-type=\"column\">\n\t\t\t<div class=\"elementor-widget-wrap elementor-element-populated\">\n\t\t\t\t\t\t<div class=\"elementor-element elementor-element-02d3338 elementor-widget elementor-widget-tronix_title\" data-id=\"02d3338\" data-element_type=\"widget\" data-e-type=\"widget\" data-widget_type=\"tronix_title.default\">\n\t\t\t\t<div class=\"elementor-widget-container\">\n\t\t\t\t\t        <div class=\"tronix-section-title-wrapper\">\n           <div class=\"container\">\n           <div class=\"tronix-section-title-content\">\n                                    <span class=\"tronix-section-small-title\">\n                        GRUPO                <\/span>\n                                                    <h2 class=\"tronix-section-title\">\n                        Ciberseguridad, Aplicaciones, Fundamentos y Educaci\u00f3n\n\n                    <\/h2>\n                                           <\/div>\n        <\/div>\n           <\/div>\n        \t\t\t\t<\/div>\n\t\t\t\t<\/div>\n\t\t\t\t\t<\/div>\n\t\t<\/div>\n\t\t\t\t\t<\/div>\n\t\t<\/section>\n\t\t\t\t<section class=\"elementor-section elementor-top-section elementor-element elementor-element-adf99a7 elementor-section-boxed elementor-section-height-default elementor-section-height-default\" data-id=\"adf99a7\" data-element_type=\"section\" data-e-type=\"section\">\n\t\t\t\t\t\t<div class=\"elementor-container elementor-column-gap-no\">\n\t\t\t\t\t<div class=\"elementor-column elementor-col-100 elementor-top-column elementor-element elementor-element-b6cf1d5\" data-id=\"b6cf1d5\" data-element_type=\"column\" data-e-type=\"column\">\n\t\t\t<div class=\"elementor-widget-wrap elementor-element-populated\">\n\t\t\t\t\t\t<section class=\"elementor-section elementor-inner-section elementor-element elementor-element-0c5f73a elementor-section-boxed elementor-section-height-default elementor-section-height-default\" data-id=\"0c5f73a\" data-element_type=\"section\" data-e-type=\"section\">\n\t\t\t\t\t\t<div class=\"elementor-container elementor-column-gap-default\">\n\t\t\t\t\t<div class=\"elementor-column elementor-col-100 elementor-inner-column elementor-element elementor-element-aa08d2b\" data-id=\"aa08d2b\" data-element_type=\"column\" data-e-type=\"column\">\n\t\t\t<div class=\"elementor-widget-wrap elementor-element-populated\">\n\t\t\t\t\t\t<div class=\"elementor-element elementor-element-4e81f47 elementor-tabs-view-horizontal elementor-widget elementor-widget-tabs\" data-id=\"4e81f47\" data-element_type=\"widget\" data-e-type=\"widget\" data-widget_type=\"tabs.default\">\n\t\t\t\t<div class=\"elementor-widget-container\">\n\t\t\t\t\t\t\t<div class=\"elementor-tabs\">\n\t\t\t<div class=\"elementor-tabs-wrapper\" role=\"tablist\" >\n\t\t\t\t\t\t\t\t\t<div id=\"elementor-tab-title-8231\" class=\"elementor-tab-title elementor-tab-desktop-title\" aria-selected=\"true\" data-tab=\"1\" role=\"tab\" tabindex=\"0\" aria-controls=\"elementor-tab-content-8231\" aria-expanded=\"false\">L\u00edneas de investigaci\u00f3n<\/div>\n\t\t\t\t\t\t\t\t\t<div id=\"elementor-tab-title-8232\" class=\"elementor-tab-title elementor-tab-desktop-title\" aria-selected=\"false\" data-tab=\"2\" role=\"tab\" tabindex=\"-1\" aria-controls=\"elementor-tab-content-8232\" aria-expanded=\"false\">Proyectos<\/div>\n\t\t\t\t\t\t\t\t\t<div id=\"elementor-tab-title-8233\" class=\"elementor-tab-title elementor-tab-desktop-title\" aria-selected=\"false\" data-tab=\"3\" role=\"tab\" tabindex=\"-1\" aria-controls=\"elementor-tab-content-8233\" aria-expanded=\"false\">Publicaciones<\/div>\n\t\t\t\t\t\t\t<\/div>\n\t\t\t<div class=\"elementor-tabs-content-wrapper\" role=\"tablist\" aria-orientation=\"vertical\">\n\t\t\t\t\t\t\t\t\t<div class=\"elementor-tab-title elementor-tab-mobile-title\" aria-selected=\"true\" data-tab=\"1\" role=\"tab\" tabindex=\"0\" aria-controls=\"elementor-tab-content-8231\" aria-expanded=\"false\">L\u00edneas de investigaci\u00f3n<\/div>\n\t\t\t\t\t<div id=\"elementor-tab-content-8231\" class=\"elementor-tab-content elementor-clearfix\" data-tab=\"1\" role=\"tabpanel\" aria-labelledby=\"elementor-tab-title-8231\" tabindex=\"0\" hidden=\"false\"><ul>\n<li>Lo que sea<\/li>\n<li>Lo que sea<\/li>\n<li>Lo que sea<\/li>\n<\/ul>\n<\/div>\n\t\t\t\t\t\t\t\t\t<div class=\"elementor-tab-title elementor-tab-mobile-title\" aria-selected=\"false\" data-tab=\"2\" role=\"tab\" tabindex=\"-1\" aria-controls=\"elementor-tab-content-8232\" aria-expanded=\"false\">Proyectos<\/div>\n\t\t\t\t\t<div id=\"elementor-tab-content-8232\" class=\"elementor-tab-content elementor-clearfix\" data-tab=\"2\" role=\"tabpanel\" aria-labelledby=\"elementor-tab-title-8232\" tabindex=\"0\" hidden=\"hidden\"><p>Lorem fistrum por la gloria de mi madre esse jarl aliqua llevame al sircoo. De la pradera ullamco qu\u00e9 dise usteer est\u00e1 la cosa muy malar.<\/p>\n<\/div>\n\t\t\t\t\t\t\t\t\t<div class=\"elementor-tab-title elementor-tab-mobile-title\" aria-selected=\"false\" data-tab=\"3\" role=\"tab\" tabindex=\"-1\" aria-controls=\"elementor-tab-content-8233\" aria-expanded=\"false\">Publicaciones<\/div>\n\t\t\t\t\t<div id=\"elementor-tab-content-8233\" class=\"elementor-tab-content elementor-clearfix\" data-tab=\"3\" role=\"tabpanel\" aria-labelledby=\"elementor-tab-title-8233\" tabindex=\"0\" hidden=\"hidden\"><p>Lorem fistrum por la gloria de mi madre esse jarl aliqua llevame al sircoo. De la pradera ullamco qu\u00e9 dise usteer est\u00e1 la cosa muy malar.<\/p>\n<\/div>\n\t\t\t\t\t\t\t<\/div>\n\t\t<\/div>\n\t\t\t\t\t\t<\/div>\n\t\t\t\t<\/div>\n\t\t\t\t\t<\/div>\n\t\t<\/div>\n\t\t\t\t\t<\/div>\n\t\t<\/section>\n\t\t\t\t\t<\/div>\n\t\t<\/div>\n\t\t\t\t\t<\/div>\n\t\t<\/section>\n\t\t\t\t<section class=\"elementor-section elementor-top-section elementor-element elementor-element-4912e65 elementor-section-boxed elementor-section-height-default elementor-section-height-default\" data-id=\"4912e65\" data-element_type=\"section\" data-e-type=\"section\">\n\t\t\t\t\t\t<div class=\"elementor-container elementor-column-gap-no\">\n\t\t\t\t\t<div class=\"elementor-column elementor-col-100 elementor-top-column elementor-element elementor-element-881fb90\" data-id=\"881fb90\" data-element_type=\"column\" data-e-type=\"column\">\n\t\t\t<div class=\"elementor-widget-wrap elementor-element-populated\">\n\t\t\t\t\t\t<section class=\"elementor-section elementor-inner-section elementor-element elementor-element-b96ff8f elementor-section-boxed elementor-section-height-default elementor-section-height-default\" data-id=\"b96ff8f\" data-element_type=\"section\" data-e-type=\"section\">\n\t\t\t\t\t\t<div class=\"elementor-container elementor-column-gap-default\">\n\t\t\t\t\t<div class=\"elementor-column elementor-col-100 elementor-inner-column elementor-element elementor-element-419d279\" data-id=\"419d279\" data-element_type=\"column\" data-e-type=\"column\">\n\t\t\t<div class=\"elementor-widget-wrap elementor-element-populated\">\n\t\t\t\t\t\t<div class=\"elementor-element elementor-element-b2c5ef4 elementor-widget elementor-widget-spacer\" data-id=\"b2c5ef4\" data-element_type=\"widget\" data-e-type=\"widget\" data-widget_type=\"spacer.default\">\n\t\t\t\t<div class=\"elementor-widget-container\">\n\t\t\t\t\t\t\t<div class=\"elementor-spacer\">\n\t\t\t<div class=\"elementor-spacer-inner\"><\/div>\n\t\t<\/div>\n\t\t\t\t\t\t<\/div>\n\t\t\t\t<\/div>\n\t\t\t\t\t<\/div>\n\t\t<\/div>\n\t\t\t\t\t<\/div>\n\t\t<\/section>\n\t\t\t\t\t<\/div>\n\t\t<\/div>\n\t\t\t\t\t<\/div>\n\t\t<\/section>\n\t\t\t\t<\/div>\n\t\t","protected":false},"excerpt":{"rendered":"<p>GRUPO Ciberseguridad, Aplicaciones, Fundamentos y Educaci\u00f3n L\u00edneas de investigaci\u00f3n Proyectos Publicaciones L\u00edneas de investigaci\u00f3n Lo que sea Lo que sea Lo que sea Proyectos Lorem fistrum por la gloria de mi madre esse jarl aliqua llevame al sircoo. De la pradera ullamco qu\u00e9 dise usteer est\u00e1 la cosa muy malar. Publicaciones Lorem fistrum por la [&hellip;]<\/p>\n","protected":false},"author":1,"featured_media":0,"parent":3791,"menu_order":0,"comment_status":"closed","ping_status":"closed","template":"blank-template.php","meta":{"_monsterinsights_skip_tracking":false,"_monsterinsights_sitenote_active":false,"_monsterinsights_sitenote_note":"","_monsterinsights_sitenote_category":0,"footnotes":""},"class_list":["post-3991","page","type-page","status-publish","hentry"],"aioseo_notices":[],"_links":{"self":[{"href":"https:\/\/riasc.es\/en\/wp-json\/wp\/v2\/pages\/3991","targetHints":{"allow":["GET"]}}],"collection":[{"href":"https:\/\/riasc.es\/en\/wp-json\/wp\/v2\/pages"}],"about":[{"href":"https:\/\/riasc.es\/en\/wp-json\/wp\/v2\/types\/page"}],"author":[{"embeddable":true,"href":"https:\/\/riasc.es\/en\/wp-json\/wp\/v2\/users\/1"}],"replies":[{"embeddable":true,"href":"https:\/\/riasc.es\/en\/wp-json\/wp\/v2\/comments?post=3991"}],"version-history":[{"count":2,"href":"https:\/\/riasc.es\/en\/wp-json\/wp\/v2\/pages\/3991\/revisions"}],"predecessor-version":[{"id":4001,"href":"https:\/\/riasc.es\/en\/wp-json\/wp\/v2\/pages\/3991\/revisions\/4001"}],"up":[{"embeddable":true,"href":"https:\/\/riasc.es\/en\/wp-json\/wp\/v2\/pages\/3791"}],"wp:attachment":[{"href":"https:\/\/riasc.es\/en\/wp-json\/wp\/v2\/media?parent=3991"}],"curies":[{"name":"wp","href":"https:\/\/api.w.org\/{rel}","templated":true}]}}